{"id":78,"date":"2023-02-12T12:53:20","date_gmt":"2023-02-12T12:53:20","guid":{"rendered":"http:\/\/sisifo.coop\/?page_id=78"},"modified":"2023-08-18T19:33:14","modified_gmt":"2023-08-18T19:33:14","slug":"politica-privacidad","status":"publish","type":"page","link":"https:\/\/sisifo.coop\/en\/politica-privacidad\/","title":{"rendered":"politica-privacidad"},"content":{"rendered":"<div data-elementor-type=\"wp-page\" data-elementor-id=\"78\" class=\"elementor elementor-78\" data-elementor-post-type=\"page\">\n\t\t\t\t\t\t<section class=\"elementor-section elementor-top-section elementor-element elementor-element-4b9502c elementor-section-stretched elementor-section-boxed elementor-section-height-default elementor-section-height-default\" data-id=\"4b9502c\" data-element_type=\"section\" data-e-type=\"section\" data-settings=\"{&quot;stretch_section&quot;:&quot;section-stretched&quot;}\">\n\t\t\t\t\t\t<div class=\"elementor-container elementor-column-gap-default\">\n\t\t\t\t\t<div class=\"elementor-column elementor-col-100 elementor-top-column elementor-element elementor-element-ec9e36d\" data-id=\"ec9e36d\" data-element_type=\"column\" data-e-type=\"column\">\n\t\t\t<div class=\"elementor-widget-wrap elementor-element-populated\">\n\t\t\t\t\t\t<div class=\"elementor-element elementor-element-a533460 elementor-widget elementor-widget-heading\" data-id=\"a533460\" data-element_type=\"widget\" data-e-type=\"widget\" data-widget_type=\"heading.default\">\n\t\t\t\t<div class=\"elementor-widget-container\">\n\t\t\t\t\t<h3 class=\"elementor-heading-title elementor-size-default\">Pol\u00edtica de privacidad<\/h3>\t\t\t\t<\/div>\n\t\t\t\t<\/div>\n\t\t\t\t\t<\/div>\n\t\t<\/div>\n\t\t\t\t\t<\/div>\n\t\t<\/section>\n\t\t\t\t<section class=\"elementor-section elementor-top-section elementor-element elementor-element-204910d elementor-section-stretched elementor-section-boxed elementor-section-height-default elementor-section-height-default\" data-id=\"204910d\" data-element_type=\"section\" data-e-type=\"section\" data-settings=\"{&quot;stretch_section&quot;:&quot;section-stretched&quot;}\">\n\t\t\t\t\t\t<div class=\"elementor-container elementor-column-gap-default\">\n\t\t\t\t\t<div class=\"elementor-column elementor-col-100 elementor-top-column elementor-element elementor-element-44f78b8\" data-id=\"44f78b8\" data-element_type=\"column\" data-e-type=\"column\">\n\t\t\t<div class=\"elementor-widget-wrap elementor-element-populated\">\n\t\t\t\t\t\t<div class=\"elementor-element elementor-element-abeb2f5 elementor-widget elementor-widget-text-editor\" data-id=\"abeb2f5\" data-element_type=\"widget\" data-e-type=\"widget\" data-widget_type=\"text-editor.default\">\n\t\t\t\t<div class=\"elementor-widget-container\">\n\t\t\t\t\t\t\t\t\t<p>Hemos revisado y adaptado nuestra pol\u00edtica de privacidad a los nuevos requisitos y queremos ofrecer mayor informaci\u00f3n y transparencia en relaci\u00f3n con el tratamiento de los datos personales, de esta manera damos integro cumplimiento a la normativa vigente en Materia de Protecci\u00f3n de Datos.<\/p><p>\u00bfQui\u00e9n es el RESPONSABLE de sus DATOS?<br \/><strong>La empresa, datos establecidos en enlace<em> <a href=\"\/en\/aviso-legal\/\">aviso-legal<\/a><\/em>.<\/strong><br \/>Es responsable del tratamiento de los datos de car\u00e1cter personal de sus usuarios y clientes, as\u00ed como de los datos que puedan ser recabados a trav\u00e9s del sitio web.<br \/><strong>La empresa\u00a0<\/strong>informa a los usuarios del sitio web sobre su pol\u00edtica respecto del tratamiento y protecci\u00f3n de los datos de car\u00e1cter personal de los usuarios y clientes que puedan ser recabados por la navegaci\u00f3n o contrataci\u00f3n de servicios a trav\u00e9s de su sitio web.<\/p><p>\u00bfQu\u00e9 informaci\u00f3n recopilamos?<br \/><strong>La empresa<\/strong>\u00a0puede recopilar la siguiente informaci\u00f3n personal de sus clientes\/usuarios a trav\u00e9s de los siguientes medios:<br \/>Datos recabados para la prestaci\u00f3n de un servicio: Los datos de car\u00e1cter personal que nos facilite para la prestaci\u00f3n de un servicio ser\u00e1n los m\u00ednimos exigibles para poder elaborar el contrato as\u00ed como para poder ofrecerle los servicios que usted contrate y para el cumplimiento de las obligaciones legales. Datos recabados para la solicitud de informaci\u00f3n a trav\u00e9s del formulario web: Los datos personales recabados a trav\u00e9s del formulario web para la petici\u00f3n de informaci\u00f3n tienen como finalidad el env\u00edo de informaci\u00f3n comercial sobre nuestros productos, promociones y servicios. El tratamiento de los datos en este caso est\u00e1 legitimado por el consentimiento expreso que usted nos presta al aceptar el env\u00edo de la informaci\u00f3n aportada a trav\u00e9s del formulario.<br \/>Datos de Navegaci\u00f3n: El Usuario acepta expresamente, por la utilizaci\u00f3n de este portal, el tratamiento de la informaci\u00f3n recabada mediante cookies. Recopilamos toda la informaci\u00f3n relativa a su navegaci\u00f3n en nuestras web y su interacci\u00f3n con la empresa Finalidad del Tratamiento de Datos.<br \/>Sus datos de car\u00e1cter personal se recaban con la finalidad de prestar y mantener los servicios acordados contractualmente y poder informar sobre los nuevos productos, promociones y servicios de nuestra empresa que entendamos de su inter\u00e9s<br \/>Los datos que obtengamos de la navegaci\u00f3n web o cualquier otro medio se regir\u00e1 por esta misma pol\u00edtica de privacidad.<br \/><strong>La empresa<\/strong>\u00a0proceder\u00e1 a tratar los datos de car\u00e1cter personal de manera l\u00edcita, leal, transparente, adecuada, pertinente, limitada, exacta y actualizada.<\/p><p>\u00bfCu\u00e1nto tiempo almacenamos datos?<br \/>Los datos personales proporcionados se conservar\u00e1n mientras se mantenga la relaci\u00f3n comercial o no solicites su supresi\u00f3n y durante el plazo por el cual pudieran derivarse responsabilidades legales por los servicios prestados.<\/p><p>\u00bfQu\u00e9 base legal nos ampara?<br \/>El tratamiento de tus datos se realiza por las siguientes bases jur\u00eddicas:<br \/>ejecuci\u00f3n de contrato. La base legal del tratamiento de los datos personales del interesado que se recogen es la ejecuci\u00f3n del contrato de compraventa. En este sentido, el interesado est\u00e1 obligado a facilitar los datos que sean necesarios para su ejecuci\u00f3n. En caso de no facilitarnos estos datos no ser\u00e1 posible la realizaci\u00f3n de la compraventa.<br \/>OBLIGACIONES LEGALES. El tratamiento de sus datos se basara en nuestra Obligaci\u00f3n Legal en las que pudi\u00e9ramos ser requeridos en base a nuestra relaci\u00f3n comercial, adem\u00e1s de las Leyes que a nuestra actividad nos afectan.<br \/>CONSENTIMIENTO libre, espec\u00edfico, informado e inequ\u00edvoco, en tanto que te informamos poniendo a tu disposici\u00f3n la presente pol\u00edtica de privacidad, que tras la lectura de la misma, en caso de estar conforme, puedes aceptar mediante una declaraci\u00f3n o una clara acci\u00f3n afirmativa, como el marcado de una casilla dispuesta al efecto.<br \/>INTERES LEG\u00cdTIMO. Nuestro inter\u00e9s leg\u00edtimo consiste en poder garantizar que nuestra WEB permanece segura, as\u00ed como para ayudarnos a comprender las necesidades, expectativas y el nivel de satisfacci\u00f3n de los usuarios y, por lo tanto, mejorar los servicios, productos y marcas. Todas estas acciones se realizan con el fin de mejorar el nivel de satisfacci\u00f3n del cliente<br \/>CESI\u00d3N DE DATOS La empresa proceder\u00e1 informa a los usuarios de que sus datos personales no ser\u00e1n comunicados a terceros, con la salvedad de que dicha comunicaci\u00f3n de datos este amparada en una obligaci\u00f3n legal o cuando la prestaci\u00f3n de un servicio implique la necesidad de una relaci\u00f3n contractual con un encargado de tratamiento. En este \u00faltimo caso, los destinatarios de sus datos pueden ser empresas del grupo as\u00ed como determinados encargados del tratamiento necesarios para la correcta prestaci\u00f3n de los servicios.<br \/><strong>La empresa<\/strong>\u00a0mantiene unos criterios estrictos de selecci\u00f3n de encargados de tratamiento y se compromete contractualmente con cada uno a cumplir y hacer cumplir las obligaciones establecidas en materia de protecci\u00f3n de datos.<\/p><p>\u00bfComo protegemos los datos?<br \/><strong>La empresa<\/strong>\u00a0se compromete al uso y Tratamiento de Datos Personales de los usuarios respetando su confidencialidad y a utilizarlos de acuerdo con la finalidad del mismo, as\u00ed como a dar cumplimiento a su obligaci\u00f3n, de conformidad con lo establecido en la normativa vigente de protecci\u00f3n de datos.<br \/><strong>La empresa<\/strong>\u00a0no puede garantizar la absoluta seguridad de la red Internet y, por tanto, la violaci\u00f3n de los datos mediante accesos fraudulentos a ello por parte de terceros.<br \/>Cuando se presentase alg\u00fan incidente de seguridad, al darse cuenta\u00a0<strong>La empresa<\/strong>\u00a0notificar\u00e1 al cliente sin demoras indebidas y proporcionar\u00e1 la informaci\u00f3n oportuna relacionada con el incidente de seguridad tal como se conozca o cuando el Cliente lo solicite razonablemente.<br \/>CONOCE TUS DERECHOS Le corresponden los siguientes derechos que pueden ser ejercitados a trav\u00e9s de la direcci\u00f3n de correo electr\u00f3nico\u00a0 :<br \/>Derecho de acceso: Tiene derecho a obtener confirmaci\u00f3n sobre si estamos tratando datos personales que le conciernen, as\u00ed como a acceder a los datos personales de los que dispongamos. Derecho de rectificaci\u00f3n: Tiene derecho a solicitar que se rectifiquen los datos personales cuando sean inexactos o que se completen cuando sean incompletos. Derecho de supresi\u00f3n\/derecho al olvido: Puede solicitarnos que los datos personales sean suprimidos cuando estime oportuno. Derecho de limitaci\u00f3n: Tiene derecho a solicitar la limitaci\u00f3n del tratamiento de los datos, en cuyo caso \u00fanicamente los conservaremos para cuestiones de requerimiento legal. Derecho de portabilidad: Tiene derecho a recibir sus datos personales en un formato de uso com\u00fan y a transmitirlos a otro responsable cuando la solicitud se realice de manera que asegure la trasmisi\u00f3n. Derecho de oposici\u00f3n: Puede oponerse que los datos personales sean objeto de un tratamiento basado en el inter\u00e9s leg\u00edtimo. Decisiones individuales automatizadas: Tiene derecho a no ser objeto de una decisi\u00f3n basada \u00fanicamente en el tratamiento automatizado, incluida la elaboraci\u00f3n de perfiles, que produzca efectos jur\u00eddicos sobre usted o le afecte significativamente de modo similar. Derecho a presentar una reclamaci\u00f3n: Tiene derecho a presentar una reclamaci\u00f3n ante la Agencia Espa\u00f1ola de Protecci\u00f3n de Datos.<br \/>Puede ejercer cualquiera de estos derechos ,o consultar cualquier situaci\u00f3n que estime oportuna y sea referente a sus datos personales ,con nuestro Departamento Asignado para la Protecci\u00f3n de Datos Personales , mediante cualquiera de nuestros contactos habituales o a trav\u00e9s de mail con enlace en men\u00fa o desde el pie de p\u00e1gina de esta web o <a href=\"\/en\/contacto\/\"><em>pulsando aqu\u00ed para contacta<\/em>r.<\/a><\/p>\t\t\t\t\t\t\t\t<\/div>\n\t\t\t\t<\/div>\n\t\t\t\t\t<\/div>\n\t\t<\/div>\n\t\t\t\t\t<\/div>\n\t\t<\/section>\n\t\t\t\t<\/div>","protected":false},"excerpt":{"rendered":"<p>Pol\u00edtica de privacidad Hemos revisado y adaptado nuestra pol\u00edtica de privacidad a los nuevos requisitos y queremos ofrecer mayor informaci\u00f3n y transparencia en relaci\u00f3n con el tratamiento de los datos personales, de esta manera damos integro cumplimiento a la normativa vigente en Materia de Protecci\u00f3n de Datos. \u00bfQui\u00e9n es el RESPONSABLE de sus DATOS?La empresa, &#8230; <a title=\"politica-privacidad\" class=\"read-more\" href=\"https:\/\/sisifo.coop\/en\/politica-privacidad\/\" aria-label=\"Read more about politica-privacidad\">Read more<\/a><\/p>","protected":false},"author":4,"featured_media":0,"parent":0,"menu_order":0,"comment_status":"closed","ping_status":"closed","template":"","meta":{"footnotes":""},"class_list":["post-78","page","type-page","status-publish"],"_links":{"self":[{"href":"https:\/\/sisifo.coop\/en\/wp-json\/wp\/v2\/pages\/78","targetHints":{"allow":["GET"]}}],"collection":[{"href":"https:\/\/sisifo.coop\/en\/wp-json\/wp\/v2\/pages"}],"about":[{"href":"https:\/\/sisifo.coop\/en\/wp-json\/wp\/v2\/types\/page"}],"author":[{"embeddable":true,"href":"https:\/\/sisifo.coop\/en\/wp-json\/wp\/v2\/users\/4"}],"replies":[{"embeddable":true,"href":"https:\/\/sisifo.coop\/en\/wp-json\/wp\/v2\/comments?post=78"}],"version-history":[{"count":28,"href":"https:\/\/sisifo.coop\/en\/wp-json\/wp\/v2\/pages\/78\/revisions"}],"predecessor-version":[{"id":1337,"href":"https:\/\/sisifo.coop\/en\/wp-json\/wp\/v2\/pages\/78\/revisions\/1337"}],"wp:attachment":[{"href":"https:\/\/sisifo.coop\/en\/wp-json\/wp\/v2\/media?parent=78"}],"curies":[{"name":"wp","href":"https:\/\/api.w.org\/{rel}","templated":true}]}}