{"id":568,"date":"2023-03-27T01:08:58","date_gmt":"2023-03-27T01:08:58","guid":{"rendered":"http:\/\/sisifo.coop\/?page_id=568"},"modified":"2023-08-20T23:24:32","modified_gmt":"2023-08-20T23:24:32","slug":"sitemap","status":"publish","type":"page","link":"https:\/\/sisifo.coop\/en\/sitemap\/","title":{"rendered":"sitemap"},"content":{"rendered":"<div data-elementor-type=\"wp-page\" data-elementor-id=\"568\" class=\"elementor elementor-568\" data-elementor-post-type=\"page\">\n\t\t\t\t\t\t<section class=\"elementor-section elementor-top-section elementor-element elementor-element-4b9502c elementor-section-stretched elementor-section-boxed elementor-section-height-default elementor-section-height-default\" data-id=\"4b9502c\" data-element_type=\"section\" data-e-type=\"section\" data-settings=\"{&quot;stretch_section&quot;:&quot;section-stretched&quot;}\">\n\t\t\t\t\t\t<div class=\"elementor-container elementor-column-gap-default\">\n\t\t\t\t\t<div class=\"elementor-column elementor-col-100 elementor-top-column elementor-element elementor-element-ec9e36d\" data-id=\"ec9e36d\" data-element_type=\"column\" data-e-type=\"column\">\n\t\t\t<div class=\"elementor-widget-wrap elementor-element-populated\">\n\t\t\t\t\t\t<div class=\"elementor-element elementor-element-a533460 elementor-widget elementor-widget-heading\" data-id=\"a533460\" data-element_type=\"widget\" data-e-type=\"widget\" data-widget_type=\"heading.default\">\n\t\t\t\t<div class=\"elementor-widget-container\">\n\t\t\t\t\t<h3 class=\"elementor-heading-title elementor-size-default\">Sitemap<\/h3>\t\t\t\t<\/div>\n\t\t\t\t<\/div>\n\t\t\t\t\t<\/div>\n\t\t<\/div>\n\t\t\t\t\t<\/div>\n\t\t<\/section>\n\t\t\t\t<section class=\"elementor-section elementor-top-section elementor-element elementor-element-204910d elementor-section-stretched elementor-section-boxed elementor-section-height-default elementor-section-height-default\" data-id=\"204910d\" data-element_type=\"section\" data-e-type=\"section\" data-settings=\"{&quot;stretch_section&quot;:&quot;section-stretched&quot;}\">\n\t\t\t\t\t\t<div class=\"elementor-container elementor-column-gap-default\">\n\t\t\t\t\t<div class=\"elementor-column elementor-col-100 elementor-top-column elementor-element elementor-element-44f78b8\" data-id=\"44f78b8\" data-element_type=\"column\" data-e-type=\"column\">\n\t\t\t<div class=\"elementor-widget-wrap elementor-element-populated\">\n\t\t\t\t\t\t<div class=\"elementor-element elementor-element-abeb2f5 elementor-widget elementor-widget-text-editor\" data-id=\"abeb2f5\" data-element_type=\"widget\" data-e-type=\"widget\" data-widget_type=\"text-editor.default\">\n\t\t\t\t<div class=\"elementor-widget-container\">\n\t\t\t\t\t\t\t\t\t<p>Esta p\u00e1gina contiene un mapa del sitio web sisifo.coop . El sitemap es una herramienta \u00fatil para navegar por la estructura y contenido del sitio. Un mapa permite a los motores de b\u00fasqueda indexar y comprender el contenido de un sitio web de manera eficiente. Los motores de b\u00fasqueda pueden identificar f\u00e1cilmente el contenido y su ubicaci\u00f3n, lo que ayuda a indexar el sitio de manera m\u00e1s r\u00e1pida y eficiente. Se permite encontrar r\u00e1pidamente un contenido dando una visi\u00f3n general del contenido disponible en el sitio, navegando f\u00e1cilmente por las diferentes secciones y p\u00e1ginas.<\/p><p>Contenido importante:<\/p><ul><li><i>Servicios<\/i><\/li><li><i>Quienes somos<\/i><\/li><li><i>Contacto<\/i><\/li><li><i>Actividades<\/i><\/li><li><em>Actualidad<\/em><\/li><\/ul><div>\u00a0<\/div><p>Enlaces a las p\u00e1ginas principales del sitio web, como la p\u00e1gina de inicio, la p\u00e1gina de contacto y cualquier otra p\u00e1gina importante.<\/p><ul><li><em><a href=\"http:\/\/sisifo.coop\/en\/politicas-cookies\/\">http:\/\/sisifo.coop\/politicas-cookies\/<\/a><\/em><\/li><li><a href=\"http:\/\/sisifo.coop\/en\/politica-privacidad\/\"><em>http:\/\/sisifo.coop\/politica-privacidad<\/em><\/a><\/li><li><a href=\"http:\/\/sisifo.coop\/en\/quienessomos\/\"><i>http:\/\/sisifo.coop\/quienessomos<\/i><\/a><\/li><li><a href=\"http:\/\/sisifo.coop\/en\/servicios\/\"><em>http:\/\/sisifo.coop\/servicios\/<\/em><\/a><\/li><li><a href=\"http:\/\/sisifo.coop\/en\/actividades\/\"><em>http:\/\/sisifo.coop\/actividades\/<\/em><\/a><\/li><li><a href=\"https:\/\/sisifo.coop.endesys.net\"><em>http:\/\/sisifo.coop\/<\/em><\/a><\/li><li><a href=\"http:\/\/sisifo.coop\/en\/contacto\/\"><em>http:\/\/sisifo.coop\/contacto\/<\/em><\/a><\/li><li><a href=\"http:\/\/sisifo.coop\/en\/sitemap\/\"><em>http:\/\/sisifo.coop\/sitemap\/<\/em><\/a><\/li><li><em><a href=\"http:\/\/sisifo.coop\/en\/aviso-legal\/\">http:\/\/sisifo.coop\/aviso-legal\/<\/a><\/em><\/li><li><em><a href=\"http:\/\/sisifo.coop\/en\/accesibilidad\/\">http:\/\/sisifo.coop\/accesibilidad\/<\/a><\/em><\/li><\/ul><p><em>Esperamos que esta herramienta le haya sido \u00fatil para naveg<\/em>ar por nuestro sitio web. Si tiene alguna pregunta o comentario, no dude en ponerse en contacto con nosotros.<\/p><p>Esta p\u00e1gina es una herramienta esencial para cualquier sitio web. Puede ayudar a mejorar la indexaci\u00f3n, optimizar el SEO, mejorar la experiencia del usuario y facilitar la identificaci\u00f3n de errores t\u00e9cnicos.<\/p>\t\t\t\t\t\t\t\t<\/div>\n\t\t\t\t<\/div>\n\t\t\t\t\t<\/div>\n\t\t<\/div>\n\t\t\t\t\t<\/div>\n\t\t<\/section>\n\t\t\t\t<\/div>","protected":false},"excerpt":{"rendered":"<p>Sitemap Esta p\u00e1gina contiene un mapa del sitio web sisifo.coop . El sitemap es una herramienta \u00fatil para navegar por la estructura y contenido del sitio. Un mapa permite a los motores de b\u00fasqueda indexar y comprender el contenido de un sitio web de manera eficiente. Los motores de b\u00fasqueda pueden identificar f\u00e1cilmente el contenido &#8230; <a title=\"sitemap\" class=\"read-more\" href=\"https:\/\/sisifo.coop\/en\/sitemap\/\" aria-label=\"Read more about sitemap\">Read more<\/a><\/p>","protected":false},"author":4,"featured_media":0,"parent":0,"menu_order":0,"comment_status":"closed","ping_status":"closed","template":"","meta":{"footnotes":""},"class_list":["post-568","page","type-page","status-publish"],"_links":{"self":[{"href":"https:\/\/sisifo.coop\/en\/wp-json\/wp\/v2\/pages\/568","targetHints":{"allow":["GET"]}}],"collection":[{"href":"https:\/\/sisifo.coop\/en\/wp-json\/wp\/v2\/pages"}],"about":[{"href":"https:\/\/sisifo.coop\/en\/wp-json\/wp\/v2\/types\/page"}],"author":[{"embeddable":true,"href":"https:\/\/sisifo.coop\/en\/wp-json\/wp\/v2\/users\/4"}],"replies":[{"embeddable":true,"href":"https:\/\/sisifo.coop\/en\/wp-json\/wp\/v2\/comments?post=568"}],"version-history":[{"count":33,"href":"https:\/\/sisifo.coop\/en\/wp-json\/wp\/v2\/pages\/568\/revisions"}],"predecessor-version":[{"id":1423,"href":"https:\/\/sisifo.coop\/en\/wp-json\/wp\/v2\/pages\/568\/revisions\/1423"}],"wp:attachment":[{"href":"https:\/\/sisifo.coop\/en\/wp-json\/wp\/v2\/media?parent=568"}],"curies":[{"name":"wp","href":"https:\/\/api.w.org\/{rel}","templated":true}]}}