{"id":2678,"date":"2023-10-09T20:05:23","date_gmt":"2023-10-09T20:05:23","guid":{"rendered":"https:\/\/sisifo.coop\/?page_id=2678"},"modified":"2023-11-09T20:13:49","modified_gmt":"2023-11-09T20:13:49","slug":"sicompostura","status":"publish","type":"page","link":"https:\/\/sisifo.coop\/en\/sicompostura\/","title":{"rendered":"sicompostura"},"content":{"rendered":"<div data-elementor-type=\"wp-page\" data-elementor-id=\"2678\" class=\"elementor elementor-2678\" data-elementor-post-type=\"page\">\n\t\t\t\t\t\t<section class=\"elementor-section elementor-top-section elementor-element elementor-element-f3ad522 elementor-section-boxed elementor-section-height-default elementor-section-height-default\" data-id=\"f3ad522\" data-element_type=\"section\" data-e-type=\"section\">\n\t\t\t\t\t\t<div class=\"elementor-container elementor-column-gap-default\">\n\t\t\t\t\t<div class=\"elementor-column elementor-col-100 elementor-top-column elementor-element elementor-element-223d040\" data-id=\"223d040\" data-element_type=\"column\" data-e-type=\"column\">\n\t\t\t<div class=\"elementor-widget-wrap elementor-element-populated\">\n\t\t\t\t\t\t\t<\/div>\n\t\t<\/div>\n\t\t\t\t\t<\/div>\n\t\t<\/section>\n\t\t\t\t<section class=\"elementor-section elementor-top-section elementor-element elementor-element-16a5297 elementor-section-boxed elementor-section-height-default elementor-section-height-default\" data-id=\"16a5297\" data-element_type=\"section\" data-e-type=\"section\">\n\t\t\t\t\t\t<div class=\"elementor-container elementor-column-gap-default\">\n\t\t\t\t\t<div class=\"elementor-column elementor-col-100 elementor-top-column elementor-element elementor-element-eff076b\" data-id=\"eff076b\" data-element_type=\"column\" data-e-type=\"column\">\n\t\t\t<div class=\"elementor-widget-wrap elementor-element-populated\">\n\t\t\t\t\t\t<div class=\"elementor-element elementor-element-42b1257 elementor-widget elementor-widget-spacer\" data-id=\"42b1257\" data-element_type=\"widget\" data-e-type=\"widget\" data-widget_type=\"spacer.default\">\n\t\t\t\t<div class=\"elementor-widget-container\">\n\t\t\t\t\t\t\t<div class=\"elementor-spacer\">\n\t\t\t<div class=\"elementor-spacer-inner\"><\/div>\n\t\t<\/div>\n\t\t\t\t\t\t<\/div>\n\t\t\t\t<\/div>\n\t\t\t\t\t<\/div>\n\t\t<\/div>\n\t\t\t\t\t<\/div>\n\t\t<\/section>\n\t\t\t\t<section class=\"elementor-section elementor-top-section elementor-element elementor-element-b6c3c57 elementor-section-boxed elementor-section-height-default elementor-section-height-default\" data-id=\"b6c3c57\" data-element_type=\"section\" data-e-type=\"section\">\n\t\t\t\t\t\t<div class=\"elementor-container elementor-column-gap-default\">\n\t\t\t\t\t<div class=\"elementor-column elementor-col-100 elementor-top-column elementor-element elementor-element-502958b\" data-id=\"502958b\" data-element_type=\"column\" data-e-type=\"column\">\n\t\t\t<div class=\"elementor-widget-wrap\">\n\t\t\t\t\t\t\t<\/div>\n\t\t<\/div>\n\t\t\t\t\t<\/div>\n\t\t<\/section>\n\t\t\t\t<section class=\"elementor-section elementor-top-section elementor-element elementor-element-f39330c elementor-section-stretched elementor-section-boxed elementor-section-height-default elementor-section-height-default\" data-id=\"f39330c\" data-element_type=\"section\" data-e-type=\"section\" data-settings=\"{&quot;stretch_section&quot;:&quot;section-stretched&quot;}\">\n\t\t\t\t\t\t<div class=\"elementor-container elementor-column-gap-default\">\n\t\t\t\t\t<div class=\"elementor-column elementor-col-100 elementor-top-column elementor-element elementor-element-6b66df6\" data-id=\"6b66df6\" data-element_type=\"column\" data-e-type=\"column\">\n\t\t\t<div class=\"elementor-widget-wrap elementor-element-populated\">\n\t\t\t\t\t\t<section class=\"elementor-section elementor-inner-section elementor-element elementor-element-7246a71 elementor-section-boxed elementor-section-height-default elementor-section-height-default\" data-id=\"7246a71\" data-element_type=\"section\" data-e-type=\"section\">\n\t\t\t\t\t\t<div class=\"elementor-container elementor-column-gap-default\">\n\t\t\t\t\t<div class=\"elementor-column elementor-col-100 elementor-inner-column elementor-element elementor-element-3deda5d\" data-id=\"3deda5d\" data-element_type=\"column\" data-e-type=\"column\">\n\t\t\t<div class=\"elementor-widget-wrap elementor-element-populated\">\n\t\t\t\t\t\t<div class=\"elementor-element elementor-element-383502e elementor-widget elementor-widget-text-editor\" data-id=\"383502e\" data-element_type=\"widget\" data-e-type=\"widget\" data-widget_type=\"text-editor.default\">\n\t\t\t\t<div class=\"elementor-widget-container\">\n\t\t\t\t\t\t\t\t\t<p>Nuestros clientes son tiendas independientes y cadenas, que conf\u00edan todos sus arreglos en nosotros.\u00a0 \u00a0 \u00a0 \u00a0 \u00a0 \u00a0 \u00a0 \u00a0 \u00a0 \u00a0 \u00a0 \u00a0 \u00a0 \u00a0 Al estar centralizados en S\u00ed Composturas garantizamos los mismos niveles de calidad, eficiencia y que no haya diferencias entre tiendas de un mismo grupo.<\/p><p>Tenemos una dilatada experiencia en arreglos y aportamos un extra de profesionalidad en todos nuestros servicios.\u00a0 Cada uno de nosotros tenemos arraigados los mismos valores de calidad, as\u00ed como el riguroso cumplimiento en los plazos de entrega, la excelencia y perfecci\u00f3n en nuestros acabados y la pasi\u00f3n por responder a los retos de cada d\u00eda asumiendo nuevas responsabilidades.<\/p>\t\t\t\t\t\t\t\t<\/div>\n\t\t\t\t<\/div>\n\t\t\t\t\t<\/div>\n\t\t<\/div>\n\t\t\t\t\t<\/div>\n\t\t<\/section>\n\t\t\t\t\t<\/div>\n\t\t<\/div>\n\t\t\t\t\t<\/div>\n\t\t<\/section>\n\t\t\t\t<section class=\"elementor-section elementor-top-section elementor-element elementor-element-27ec422 elementor-section-boxed elementor-section-height-default elementor-section-height-default\" data-id=\"27ec422\" data-element_type=\"section\" data-e-type=\"section\">\n\t\t\t\t\t\t<div class=\"elementor-container elementor-column-gap-default\">\n\t\t\t\t\t<div class=\"elementor-column elementor-col-100 elementor-top-column elementor-element elementor-element-5344aa4\" data-id=\"5344aa4\" data-element_type=\"column\" data-e-type=\"column\">\n\t\t\t<div class=\"elementor-widget-wrap elementor-element-populated\">\n\t\t\t\t\t\t<div class=\"elementor-element elementor-element-5773864 elementor-widget elementor-widget-spacer\" data-id=\"5773864\" data-element_type=\"widget\" data-e-type=\"widget\" data-widget_type=\"spacer.default\">\n\t\t\t\t<div class=\"elementor-widget-container\">\n\t\t\t\t\t\t\t<div class=\"elementor-spacer\">\n\t\t\t<div class=\"elementor-spacer-inner\"><\/div>\n\t\t<\/div>\n\t\t\t\t\t\t<\/div>\n\t\t\t\t<\/div>\n\t\t\t\t\t<\/div>\n\t\t<\/div>\n\t\t\t\t\t<\/div>\n\t\t<\/section>\n\t\t\t\t<section class=\"elementor-section elementor-top-section elementor-element elementor-element-6ddb92e elementor-section-boxed elementor-section-height-default elementor-section-height-default\" data-id=\"6ddb92e\" data-element_type=\"section\" data-e-type=\"section\">\n\t\t\t\t\t\t<div class=\"elementor-container elementor-column-gap-default\">\n\t\t\t\t\t<div class=\"elementor-column elementor-col-100 elementor-top-column elementor-element elementor-element-ba403be\" data-id=\"ba403be\" data-element_type=\"column\" data-e-type=\"column\">\n\t\t\t<div class=\"elementor-widget-wrap elementor-element-populated\">\n\t\t\t\t\t\t<div class=\"elementor-element elementor-element-5a0f991 elementor-widget elementor-widget-heading\" data-id=\"5a0f991\" data-element_type=\"widget\" data-e-type=\"widget\" data-widget_type=\"heading.default\">\n\t\t\t\t<div class=\"elementor-widget-container\">\n\t\t\t\t\t<h2 class=\"elementor-heading-title elementor-size-default\">Especialistas en Sastrer\u00eda<\/h2>\t\t\t\t<\/div>\n\t\t\t\t<\/div>\n\t\t\t\t\t<\/div>\n\t\t<\/div>\n\t\t\t\t\t<\/div>\n\t\t<\/section>\n\t\t\t\t<section class=\"elementor-section elementor-top-section elementor-element elementor-element-31d0a0d elementor-section-boxed elementor-section-height-default elementor-section-height-default\" data-id=\"31d0a0d\" data-element_type=\"section\" data-e-type=\"section\">\n\t\t\t\t\t\t<div class=\"elementor-container elementor-column-gap-default\">\n\t\t\t\t\t<div class=\"elementor-column elementor-col-33 elementor-top-column elementor-element elementor-element-7efc6eb\" data-id=\"7efc6eb\" data-element_type=\"column\" data-e-type=\"column\" data-settings=\"{&quot;background_background&quot;:&quot;classic&quot;}\">\n\t\t\t<div class=\"elementor-widget-wrap elementor-element-populated\">\n\t\t\t\t\t\t<section class=\"elementor-section elementor-inner-section elementor-element elementor-element-9bc2eba elementor-section-boxed elementor-section-height-default elementor-section-height-default\" data-id=\"9bc2eba\" data-element_type=\"section\" data-e-type=\"section\">\n\t\t\t\t\t\t<div class=\"elementor-container elementor-column-gap-default\">\n\t\t\t\t\t<div class=\"elementor-column elementor-col-50 elementor-inner-column elementor-element elementor-element-a898f09\" data-id=\"a898f09\" data-element_type=\"column\" data-e-type=\"column\">\n\t\t\t<div class=\"elementor-widget-wrap elementor-element-populated\">\n\t\t\t\t\t\t<div class=\"elementor-element elementor-element-6c4374b elementor-widget elementor-widget-image\" data-id=\"6c4374b\" data-element_type=\"widget\" data-e-type=\"widget\" data-widget_type=\"image.default\">\n\t\t\t\t<div class=\"elementor-widget-container\">\n\t\t\t\t\t\t\t\t\t\t\t\t\t\t\t<img fetchpriority=\"high\" decoding=\"async\" width=\"1024\" height=\"722\" src=\"https:\/\/sisifo.coop\/wp-content\/uploads\/2023\/09\/photo_6019616228823383651_y-1024x722.jpg\" class=\"attachment-large size-large wp-image-2000\" alt=\"photo 6019616228823383651 y\" srcset=\"https:\/\/sisifo.coop\/wp-content\/uploads\/2023\/09\/photo_6019616228823383651_y-1024x722.jpg 1024w, https:\/\/sisifo.coop\/wp-content\/uploads\/2023\/09\/photo_6019616228823383651_y-300x212.jpg 300w, https:\/\/sisifo.coop\/wp-content\/uploads\/2023\/09\/photo_6019616228823383651_y-768x542.jpg 768w, https:\/\/sisifo.coop\/wp-content\/uploads\/2023\/09\/photo_6019616228823383651_y-18x12.jpg 18w, https:\/\/sisifo.coop\/wp-content\/uploads\/2023\/09\/photo_6019616228823383651_y.jpg 1280w\" sizes=\"(max-width: 1024px) 100vw, 1024px\" \/>\t\t\t\t\t\t\t\t\t\t\t\t\t\t\t<\/div>\n\t\t\t\t<\/div>\n\t\t\t\t\t<\/div>\n\t\t<\/div>\n\t\t\t\t<div class=\"elementor-column elementor-col-50 elementor-inner-column elementor-element elementor-element-4a19ed1\" data-id=\"4a19ed1\" data-element_type=\"column\" data-e-type=\"column\">\n\t\t\t<div class=\"elementor-widget-wrap elementor-element-populated\">\n\t\t\t\t\t\t<div class=\"elementor-element elementor-element-95cfad6 elementor-widget elementor-widget-heading\" data-id=\"95cfad6\" data-element_type=\"widget\" data-e-type=\"widget\" data-widget_type=\"heading.default\">\n\t\t\t\t<div class=\"elementor-widget-container\">\n\t\t\t\t\t<h2 class=\"elementor-heading-title elementor-size-default\">Con\u00f3cenos<\/h2>\t\t\t\t<\/div>\n\t\t\t\t<\/div>\n\t\t\t\t\t<\/div>\n\t\t<\/div>\n\t\t\t\t\t<\/div>\n\t\t<\/section>\n\t\t\t\t<div class=\"elementor-element elementor-element-102fdb9 elementor-widget elementor-widget-text-editor\" data-id=\"102fdb9\" data-element_type=\"widget\" data-e-type=\"widget\" data-widget_type=\"text-editor.default\">\n\t\t\t\t<div class=\"elementor-widget-container\">\n\t\t\t\t\t\t\t\t\t<p>Te invitamos a visitarnos en nuestro atelier. Estamos situados en la <strong><em>Calle Jes\u00fas del Pino, 15 (Villa de Vallecas) 28031 Madrid.<\/em><\/strong>\u00a0 \u00a0 \u00a0 \u00a0 \u00a0 \u00a0 \u00a0 \u00a0 \u00a0 \u00a0 \u00a0 \u00a0 \u00a0 Ser\u00e1 un placer recibirte en nuestras instalaciones y atenderte personalmente.<\/p>\t\t\t\t\t\t\t\t<\/div>\n\t\t\t\t<\/div>\n\t\t\t\t\t<\/div>\n\t\t<\/div>\n\t\t\t\t<div class=\"elementor-column elementor-col-33 elementor-top-column elementor-element elementor-element-4b42df9\" data-id=\"4b42df9\" data-element_type=\"column\" data-e-type=\"column\" data-settings=\"{&quot;background_background&quot;:&quot;classic&quot;}\">\n\t\t\t<div class=\"elementor-widget-wrap elementor-element-populated\">\n\t\t\t\t\t\t<section class=\"elementor-section elementor-inner-section elementor-element elementor-element-72d1045 elementor-section-boxed elementor-section-height-default elementor-section-height-default\" data-id=\"72d1045\" data-element_type=\"section\" data-e-type=\"section\">\n\t\t\t\t\t\t<div class=\"elementor-container elementor-column-gap-default\">\n\t\t\t\t\t<div class=\"elementor-column elementor-col-50 elementor-inner-column elementor-element elementor-element-ae5aa72\" data-id=\"ae5aa72\" data-element_type=\"column\" data-e-type=\"column\">\n\t\t\t<div class=\"elementor-widget-wrap elementor-element-populated\">\n\t\t\t\t\t\t<div class=\"elementor-element elementor-element-94d1909 elementor-widget elementor-widget-image\" data-id=\"94d1909\" data-element_type=\"widget\" data-e-type=\"widget\" data-widget_type=\"image.default\">\n\t\t\t\t<div class=\"elementor-widget-container\">\n\t\t\t\t\t\t\t\t\t\t\t\t\t\t\t<img fetchpriority=\"high\" decoding=\"async\" width=\"1024\" height=\"722\" src=\"https:\/\/sisifo.coop\/wp-content\/uploads\/2023\/09\/photo_6019616228823383651_y-1024x722.jpg\" class=\"attachment-large size-large wp-image-2000\" alt=\"photo 6019616228823383651 y\" srcset=\"https:\/\/sisifo.coop\/wp-content\/uploads\/2023\/09\/photo_6019616228823383651_y-1024x722.jpg 1024w, https:\/\/sisifo.coop\/wp-content\/uploads\/2023\/09\/photo_6019616228823383651_y-300x212.jpg 300w, https:\/\/sisifo.coop\/wp-content\/uploads\/2023\/09\/photo_6019616228823383651_y-768x542.jpg 768w, https:\/\/sisifo.coop\/wp-content\/uploads\/2023\/09\/photo_6019616228823383651_y-18x12.jpg 18w, https:\/\/sisifo.coop\/wp-content\/uploads\/2023\/09\/photo_6019616228823383651_y.jpg 1280w\" sizes=\"(max-width: 1024px) 100vw, 1024px\" \/>\t\t\t\t\t\t\t\t\t\t\t\t\t\t\t<\/div>\n\t\t\t\t<\/div>\n\t\t\t\t\t<\/div>\n\t\t<\/div>\n\t\t\t\t<div class=\"elementor-column elementor-col-50 elementor-inner-column elementor-element elementor-element-77c6929\" data-id=\"77c6929\" data-element_type=\"column\" data-e-type=\"column\">\n\t\t\t<div class=\"elementor-widget-wrap elementor-element-populated\">\n\t\t\t\t\t\t<div class=\"elementor-element elementor-element-6be0231 elementor-widget elementor-widget-heading\" data-id=\"6be0231\" data-element_type=\"widget\" data-e-type=\"widget\" data-widget_type=\"heading.default\">\n\t\t\t\t<div class=\"elementor-widget-container\">\n\t\t\t\t\t<h2 class=\"elementor-heading-title elementor-size-default\">Hablamos<\/h2>\t\t\t\t<\/div>\n\t\t\t\t<\/div>\n\t\t\t\t\t<\/div>\n\t\t<\/div>\n\t\t\t\t\t<\/div>\n\t\t<\/section>\n\t\t\t\t<div class=\"elementor-element elementor-element-d258f39 elementor-widget elementor-widget-text-editor\" data-id=\"d258f39\" data-element_type=\"widget\" data-e-type=\"widget\" data-widget_type=\"text-editor.default\">\n\t\t\t\t<div class=\"elementor-widget-container\">\n\t\t\t\t\t\t\t\t\t<p>No dudes en ponerte en contacto con nosotros, estaremos encantados de ayudarte en todo lo que necesites.\u00a0 \u00a0 \u00a0 \u00a0 \u00a0 \u00a0 \u00a0 \u00a0 \u00a0 \u00a0 \u00a0 \u00a0 \u00a0 \u00a0 \u00a0 \u00a0 \u00a0 \u00a0 Puedes consultarnos llamando al n\u00famero de tel\u00e9fono:\u00a0 \u00a0 \u00a0 \u00a0 \u00a0 \u00a0 \u00a0 \u00a0 \u00a0 \u00a0 \u00a0 \u00a0 \u00a0 \u00a0 \u00a0 \u00a0 \u00a0 \u00a0 \u00a0 \u00a0 \u00a0 \u00a0 \u00a0 \u00a0 \u00a0 \u00a0 \u00a0 \u00a0 \u00a0 \u00a0 \u00a0 \u00a0 \u00a0 \u00a0 \u00a0 \u00a0 \u00a0 \u00a0 \u00a0 \u00a0 \u00a0 \u00a0 \u00a0 \u00a0 \u00a0 \u00a0 \u00a0 \u00a0 \u00a0 \u00a0<strong><em>914 76 39 36<\/em><\/strong><\/p>\t\t\t\t\t\t\t\t<\/div>\n\t\t\t\t<\/div>\n\t\t\t\t\t<\/div>\n\t\t<\/div>\n\t\t\t\t<div class=\"elementor-column elementor-col-33 elementor-top-column elementor-element elementor-element-430357f\" data-id=\"430357f\" data-element_type=\"column\" data-e-type=\"column\">\n\t\t\t<div class=\"elementor-widget-wrap elementor-element-populated\">\n\t\t\t\t\t\t<section class=\"elementor-section elementor-inner-section elementor-element elementor-element-d4ade48 elementor-section-boxed elementor-section-height-default elementor-section-height-default\" data-id=\"d4ade48\" data-element_type=\"section\" data-e-type=\"section\">\n\t\t\t\t\t\t<div class=\"elementor-container elementor-column-gap-default\">\n\t\t\t\t\t<div class=\"elementor-column elementor-col-50 elementor-inner-column elementor-element elementor-element-ef1670f\" data-id=\"ef1670f\" data-element_type=\"column\" data-e-type=\"column\">\n\t\t\t<div class=\"elementor-widget-wrap elementor-element-populated\">\n\t\t\t\t\t\t<div class=\"elementor-element elementor-element-701ee09 elementor-widget elementor-widget-image\" data-id=\"701ee09\" data-element_type=\"widget\" data-e-type=\"widget\" data-widget_type=\"image.default\">\n\t\t\t\t<div class=\"elementor-widget-container\">\n\t\t\t\t\t\t\t\t\t\t\t\t\t\t\t<img fetchpriority=\"high\" decoding=\"async\" width=\"1024\" height=\"722\" src=\"https:\/\/sisifo.coop\/wp-content\/uploads\/2023\/09\/photo_6019616228823383651_y-1024x722.jpg\" class=\"attachment-large size-large wp-image-2000\" alt=\"photo 6019616228823383651 y\" srcset=\"https:\/\/sisifo.coop\/wp-content\/uploads\/2023\/09\/photo_6019616228823383651_y-1024x722.jpg 1024w, https:\/\/sisifo.coop\/wp-content\/uploads\/2023\/09\/photo_6019616228823383651_y-300x212.jpg 300w, https:\/\/sisifo.coop\/wp-content\/uploads\/2023\/09\/photo_6019616228823383651_y-768x542.jpg 768w, https:\/\/sisifo.coop\/wp-content\/uploads\/2023\/09\/photo_6019616228823383651_y-18x12.jpg 18w, https:\/\/sisifo.coop\/wp-content\/uploads\/2023\/09\/photo_6019616228823383651_y.jpg 1280w\" sizes=\"(max-width: 1024px) 100vw, 1024px\" \/>\t\t\t\t\t\t\t\t\t\t\t\t\t\t\t<\/div>\n\t\t\t\t<\/div>\n\t\t\t\t\t<\/div>\n\t\t<\/div>\n\t\t\t\t<div class=\"elementor-column elementor-col-50 elementor-inner-column elementor-element elementor-element-10109d1\" data-id=\"10109d1\" data-element_type=\"column\" data-e-type=\"column\">\n\t\t\t<div class=\"elementor-widget-wrap elementor-element-populated\">\n\t\t\t\t\t\t<div class=\"elementor-element elementor-element-ca0d575 elementor-widget elementor-widget-heading\" data-id=\"ca0d575\" data-element_type=\"widget\" data-e-type=\"widget\" data-widget_type=\"heading.default\">\n\t\t\t\t<div class=\"elementor-widget-container\">\n\t\t\t\t\t<h2 class=\"elementor-heading-title elementor-size-default\">Cont\u00e1ctanos<\/h2>\t\t\t\t<\/div>\n\t\t\t\t<\/div>\n\t\t\t\t\t<\/div>\n\t\t<\/div>\n\t\t\t\t\t<\/div>\n\t\t<\/section>\n\t\t\t\t<div class=\"elementor-element elementor-element-c7bbc83 elementor-widget elementor-widget-text-editor\" data-id=\"c7bbc83\" data-element_type=\"widget\" data-e-type=\"widget\" data-widget_type=\"text-editor.default\">\n\t\t\t\t<div class=\"elementor-widget-container\">\n\t\t\t\t\t\t\t\t\t<p>Si tienes alguna consulta, no dudes en escribirnos, estamos para ayudarte:\u00a0 \u00a0 \u00a0 \u00a0 \u00a0 \u00a0 \u00a0 \u00a0 \u00a0 \u00a0 \u00a0 \u00a0 \u00a0 \u00a0 \u00a0 \u00a0 \u00a0 \u00a0 \u00a0 \u00a0 \u00a0 \u00a0 \u00a0 \u00a0 \u00a0 \u00a0 \u00a0 \u00a0 \u00a0 \u00a0 \u00a0 \u00a0 \u00a0 \u00a0 \u00a0 \u00a0 \u00a0 \u00a0 \u00a0 \u00a0 \u00a0 \u00a0 \u00a0 \u00a0 \u00a0 \u00a0 \u00a0 \u00a0 \u00a0 \u00a0 \u00a0 \u00a0 \u00a0 \u00a0 \u00a0<strong><em>hola@sisifo.coop<\/em><\/strong><\/p>\t\t\t\t\t\t\t\t<\/div>\n\t\t\t\t<\/div>\n\t\t\t\t\t<\/div>\n\t\t<\/div>\n\t\t\t\t\t<\/div>\n\t\t<\/section>\n\t\t\t\t<section class=\"elementor-section elementor-top-section elementor-element elementor-element-0d6693a elementor-section-height-min-height elementor-section-stretched elementor-section-boxed elementor-section-height-default elementor-section-items-middle\" data-id=\"0d6693a\" data-element_type=\"section\" data-e-type=\"section\" data-settings=\"{&quot;stretch_section&quot;:&quot;section-stretched&quot;}\">\n\t\t\t\t\t\t<div class=\"elementor-container elementor-column-gap-narrow\">\n\t\t\t\t\t<div class=\"elementor-column elementor-col-33 elementor-top-column elementor-element elementor-element-ce41393\" data-id=\"ce41393\" data-element_type=\"column\" data-e-type=\"column\">\n\t\t\t<div class=\"elementor-widget-wrap elementor-element-populated\">\n\t\t\t\t\t\t<div class=\"elementor-element elementor-element-883e469 elementor-widget elementor-widget-image\" data-id=\"883e469\" data-element_type=\"widget\" data-e-type=\"widget\" data-widget_type=\"image.default\">\n\t\t\t\t<div class=\"elementor-widget-container\">\n\t\t\t\t\t\t\t\t\t\t\t\t\t\t\t<img decoding=\"async\" width=\"960\" height=\"1280\" src=\"https:\/\/sisifo.coop\/wp-content\/uploads\/2023\/09\/tALLER_y-1.jpg\" class=\"attachment-full size-full wp-image-2238\" alt=\"tALLER y 1\" srcset=\"https:\/\/sisifo.coop\/wp-content\/uploads\/2023\/09\/tALLER_y-1.jpg 960w, https:\/\/sisifo.coop\/wp-content\/uploads\/2023\/09\/tALLER_y-1-225x300.jpg 225w, https:\/\/sisifo.coop\/wp-content\/uploads\/2023\/09\/tALLER_y-1-768x1024.jpg 768w, https:\/\/sisifo.coop\/wp-content\/uploads\/2023\/09\/tALLER_y-1-9x12.jpg 9w\" sizes=\"(max-width: 960px) 100vw, 960px\" \/>\t\t\t\t\t\t\t\t\t\t\t\t\t\t\t<\/div>\n\t\t\t\t<\/div>\n\t\t\t\t\t<\/div>\n\t\t<\/div>\n\t\t\t\t<div class=\"elementor-column elementor-col-33 elementor-top-column elementor-element elementor-element-79a1607\" data-id=\"79a1607\" data-element_type=\"column\" data-e-type=\"column\">\n\t\t\t<div class=\"elementor-widget-wrap elementor-element-populated\">\n\t\t\t\t\t\t<div class=\"elementor-element elementor-element-57364d4 elementor-widget elementor-widget-image\" data-id=\"57364d4\" data-element_type=\"widget\" data-e-type=\"widget\" data-widget_type=\"image.default\">\n\t\t\t\t<div class=\"elementor-widget-container\">\n\t\t\t\t\t\t\t\t\t\t\t\t\t\t\t<img decoding=\"async\" width=\"1000\" height=\"600\" src=\"https:\/\/sisifo.coop\/wp-content\/uploads\/2023\/09\/Diseno-sin-titulo-61.png\" class=\"attachment-large size-large wp-image-2203\" alt=\"Diseno sin titulo 61\" srcset=\"https:\/\/sisifo.coop\/wp-content\/uploads\/2023\/09\/Diseno-sin-titulo-61.png 1000w, https:\/\/sisifo.coop\/wp-content\/uploads\/2023\/09\/Diseno-sin-titulo-61-300x180.png 300w, https:\/\/sisifo.coop\/wp-content\/uploads\/2023\/09\/Diseno-sin-titulo-61-768x461.png 768w, https:\/\/sisifo.coop\/wp-content\/uploads\/2023\/09\/Diseno-sin-titulo-61-18x12.png 18w\" sizes=\"(max-width: 1000px) 100vw, 1000px\" \/>\t\t\t\t\t\t\t\t\t\t\t\t\t\t\t<\/div>\n\t\t\t\t<\/div>\n\t\t\t\t\t<\/div>\n\t\t<\/div>\n\t\t\t\t<div class=\"elementor-column elementor-col-33 elementor-top-column elementor-element elementor-element-8379875\" data-id=\"8379875\" data-element_type=\"column\" data-e-type=\"column\">\n\t\t\t<div class=\"elementor-widget-wrap elementor-element-populated\">\n\t\t\t\t\t\t<div class=\"elementor-element elementor-element-b828bad elementor-widget elementor-widget-image\" data-id=\"b828bad\" data-element_type=\"widget\" data-e-type=\"widget\" data-widget_type=\"image.default\">\n\t\t\t\t<div class=\"elementor-widget-container\">\n\t\t\t\t\t\t\t\t\t\t\t\t\t\t\t<img loading=\"lazy\" decoding=\"async\" width=\"1000\" height=\"600\" src=\"https:\/\/sisifo.coop\/wp-content\/uploads\/2023\/09\/Diseno-sin-titulo-62.png\" class=\"attachment-large size-large wp-image-2204\" alt=\"Diseno sin titulo 62\" srcset=\"https:\/\/sisifo.coop\/wp-content\/uploads\/2023\/09\/Diseno-sin-titulo-62.png 1000w, https:\/\/sisifo.coop\/wp-content\/uploads\/2023\/09\/Diseno-sin-titulo-62-300x180.png 300w, https:\/\/sisifo.coop\/wp-content\/uploads\/2023\/09\/Diseno-sin-titulo-62-768x461.png 768w, https:\/\/sisifo.coop\/wp-content\/uploads\/2023\/09\/Diseno-sin-titulo-62-18x12.png 18w\" sizes=\"(max-width: 1000px) 100vw, 1000px\" \/>\t\t\t\t\t\t\t\t\t\t\t\t\t\t\t<\/div>\n\t\t\t\t<\/div>\n\t\t\t\t\t<\/div>\n\t\t<\/div>\n\t\t\t\t\t<\/div>\n\t\t<\/section>\n\t\t\t\t<section class=\"elementor-section elementor-top-section elementor-element elementor-element-bb201b5 elementor-section-boxed elementor-section-height-default elementor-section-height-default\" data-id=\"bb201b5\" data-element_type=\"section\" data-e-type=\"section\">\n\t\t\t\t\t\t<div class=\"elementor-container elementor-column-gap-default\">\n\t\t\t\t\t<div class=\"elementor-column elementor-col-100 elementor-top-column elementor-element elementor-element-dab8b25\" data-id=\"dab8b25\" data-element_type=\"column\" data-e-type=\"column\">\n\t\t\t<div class=\"elementor-widget-wrap\">\n\t\t\t\t\t\t\t<\/div>\n\t\t<\/div>\n\t\t\t\t\t<\/div>\n\t\t<\/section>\n\t\t\t\t<\/div>","protected":false},"excerpt":{"rendered":"<p>Nuestros clientes son tiendas independientes y cadenas, que conf\u00edan todos sus arreglos en nosotros.\u00a0 \u00a0 \u00a0 \u00a0 \u00a0 \u00a0 \u00a0 \u00a0 \u00a0 \u00a0 \u00a0 \u00a0 \u00a0 \u00a0 Al estar centralizados en S\u00ed Composturas garantizamos los mismos niveles de calidad, eficiencia y que no haya diferencias entre tiendas de un mismo grupo. Tenemos una dilatada experiencia &#8230; <a title=\"sicompostura\" class=\"read-more\" href=\"https:\/\/sisifo.coop\/en\/sicompostura\/\" aria-label=\"Read more about sicompostura\">Read more<\/a><\/p>","protected":false},"author":6,"featured_media":0,"parent":0,"menu_order":0,"comment_status":"closed","ping_status":"closed","template":"","meta":{"footnotes":""},"class_list":["post-2678","page","type-page","status-publish"],"_links":{"self":[{"href":"https:\/\/sisifo.coop\/en\/wp-json\/wp\/v2\/pages\/2678","targetHints":{"allow":["GET"]}}],"collection":[{"href":"https:\/\/sisifo.coop\/en\/wp-json\/wp\/v2\/pages"}],"about":[{"href":"https:\/\/sisifo.coop\/en\/wp-json\/wp\/v2\/types\/page"}],"author":[{"embeddable":true,"href":"https:\/\/sisifo.coop\/en\/wp-json\/wp\/v2\/users\/6"}],"replies":[{"embeddable":true,"href":"https:\/\/sisifo.coop\/en\/wp-json\/wp\/v2\/comments?post=2678"}],"version-history":[{"count":41,"href":"https:\/\/sisifo.coop\/en\/wp-json\/wp\/v2\/pages\/2678\/revisions"}],"predecessor-version":[{"id":3282,"href":"https:\/\/sisifo.coop\/en\/wp-json\/wp\/v2\/pages\/2678\/revisions\/3282"}],"wp:attachment":[{"href":"https:\/\/sisifo.coop\/en\/wp-json\/wp\/v2\/media?parent=2678"}],"curies":[{"name":"wp","href":"https:\/\/api.w.org\/{rel}","templated":true}]}}