{"id":1103,"date":"2023-06-21T22:24:55","date_gmt":"2023-06-21T22:24:55","guid":{"rendered":"http:\/\/sisifo.coop\/?page_id=1103"},"modified":"2023-10-09T20:16:45","modified_gmt":"2023-10-09T20:16:45","slug":"actividades","status":"publish","type":"page","link":"https:\/\/sisifo.coop\/en\/actividades\/","title":{"rendered":"actividades"},"content":{"rendered":"<div data-elementor-type=\"wp-page\" data-elementor-id=\"1103\" class=\"elementor elementor-1103\" data-elementor-post-type=\"page\">\n\t\t\t\t\t\t<section class=\"elementor-section elementor-top-section elementor-element elementor-element-f3ad522 elementor-section-boxed elementor-section-height-default elementor-section-height-default\" data-id=\"f3ad522\" data-element_type=\"section\" data-e-type=\"section\">\n\t\t\t\t\t\t<div class=\"elementor-container elementor-column-gap-default\">\n\t\t\t\t\t<div class=\"elementor-column elementor-col-100 elementor-top-column elementor-element elementor-element-223d040\" data-id=\"223d040\" data-element_type=\"column\" data-e-type=\"column\">\n\t\t\t<div class=\"elementor-widget-wrap elementor-element-populated\">\n\t\t\t\t\t\t\t<\/div>\n\t\t<\/div>\n\t\t\t\t\t<\/div>\n\t\t<\/section>\n\t\t\t\t<section class=\"elementor-section elementor-top-section elementor-element elementor-element-f39330c elementor-section-stretched elementor-section-boxed elementor-section-height-default elementor-section-height-default\" data-id=\"f39330c\" data-element_type=\"section\" data-e-type=\"section\" data-settings=\"{&quot;stretch_section&quot;:&quot;section-stretched&quot;}\">\n\t\t\t\t\t\t<div class=\"elementor-container elementor-column-gap-default\">\n\t\t\t\t\t<div class=\"elementor-column elementor-col-100 elementor-top-column elementor-element elementor-element-6b66df6\" data-id=\"6b66df6\" data-element_type=\"column\" data-e-type=\"column\">\n\t\t\t<div class=\"elementor-widget-wrap elementor-element-populated\">\n\t\t\t\t\t\t<div class=\"elementor-element elementor-element-d71a609 elementor-widget elementor-widget-heading\" data-id=\"d71a609\" data-element_type=\"widget\" data-e-type=\"widget\" data-widget_type=\"heading.default\">\n\t\t\t\t<div class=\"elementor-widget-container\">\n\t\t\t\t\t<h1 class=\"elementor-heading-title elementor-size-default\">Composturas y arreglos en vestuario masculino.<\/h1>\t\t\t\t<\/div>\n\t\t\t\t<\/div>\n\t\t\t\t<div class=\"elementor-element elementor-element-a4914c5 elementor-widget elementor-widget-heading\" data-id=\"a4914c5\" data-element_type=\"widget\" data-e-type=\"widget\" data-widget_type=\"heading.default\">\n\t\t\t\t<div class=\"elementor-widget-container\">\n\t\t\t\t\t<div class=\"elementor-heading-title elementor-size-default\">La Costurera y S\u00ed Composturas<\/div>\t\t\t\t<\/div>\n\t\t\t\t<\/div>\n\t\t\t\t<div class=\"elementor-element elementor-element-5d72a7c elementor-widget elementor-widget-heading\" data-id=\"5d72a7c\" data-element_type=\"widget\" data-e-type=\"widget\" data-widget_type=\"heading.default\">\n\t\t\t\t<div class=\"elementor-widget-container\">\n\t\t\t\t\t<h2 class=\"elementor-heading-title elementor-size-default\">Sisifo: Tu Destino para Composturas y Arreglos en Vestuario Masculino desde 2016<\/h2>\t\t\t\t<\/div>\n\t\t\t\t<\/div>\n\t\t\t\t<section class=\"elementor-section elementor-inner-section elementor-element elementor-element-7246a71 elementor-section-boxed elementor-section-height-default elementor-section-height-default\" data-id=\"7246a71\" data-element_type=\"section\" data-e-type=\"section\">\n\t\t\t\t\t\t<div class=\"elementor-container elementor-column-gap-default\">\n\t\t\t\t\t<div class=\"elementor-column elementor-col-100 elementor-inner-column elementor-element elementor-element-3deda5d\" data-id=\"3deda5d\" data-element_type=\"column\" data-e-type=\"column\">\n\t\t\t<div class=\"elementor-widget-wrap elementor-element-populated\">\n\t\t\t\t\t\t<div class=\"elementor-element elementor-element-383502e elementor-widget elementor-widget-text-editor\" data-id=\"383502e\" data-element_type=\"widget\" data-e-type=\"widget\" data-widget_type=\"text-editor.default\">\n\t\t\t\t<div class=\"elementor-widget-container\">\n\t\t\t\t\t\t\t\t\t<p>Desde 2016, en Sisifo nos hemos dedicado con pasi\u00f3n y destreza a ofrecer servicios de composturas y arreglos de alta calidad en vestuario masculino de gama media y media-alta. Nos enorgullecemos de ser tu aliado de confianza para mantener tu estilo impecable y tu ropa en perfectas condiciones.<\/p><p>Nuestro taller y tienda est\u00e1n estrat\u00e9gicamente ubicados en el vibrante barrio de Vallecas. Nos encontrar\u00e1s en la Calle de Jes\u00fas del Pino, 15, donde te recibiremos con una c\u00e1lida bienvenida. Esta ubicaci\u00f3n c\u00e9ntrica nos permite brindarte un servicio r\u00e1pido y conveniente, adaptado a tus necesidades.<\/p><p>En Sisifo, entendemos la importancia de la comodidad y la accesibilidad. Estamos aqu\u00ed para ayudarte a lucir impecable en cada ocasi\u00f3n, garantizando que tus prendas se ajusten perfectamente a tu estilo y personalidad.Conf\u00eda en nosotros para cuidar de tu vestuario y proporcionarte resultados que superen tus expectativas. \u00a1Ven a visitarnos hoy mismo y descubre por qu\u00e9 somos la elecci\u00f3n preferida en Vallecas para composturas y arreglos en vestuario masculino!<\/p>\t\t\t\t\t\t\t\t<\/div>\n\t\t\t\t<\/div>\n\t\t\t\t\t<\/div>\n\t\t<\/div>\n\t\t\t\t\t<\/div>\n\t\t<\/section>\n\t\t\t\t\t<\/div>\n\t\t<\/div>\n\t\t\t\t\t<\/div>\n\t\t<\/section>\n\t\t\t\t<section class=\"elementor-section elementor-top-section elementor-element elementor-element-964d0de elementor-section-content-middle elementor-section-full_width elementor-section-height-min-height elementor-section-items-stretch elementor-section-stretched elementor-section-height-default\" data-id=\"964d0de\" data-element_type=\"section\" data-e-type=\"section\" data-settings=\"{&quot;stretch_section&quot;:&quot;section-stretched&quot;}\">\n\t\t\t\t\t\t<div class=\"elementor-container elementor-column-gap-no\">\n\t\t\t\t\t<div class=\"elementor-column elementor-col-33 elementor-top-column elementor-element elementor-element-d0afd22\" data-id=\"d0afd22\" data-element_type=\"column\" data-e-type=\"column\" data-settings=\"{&quot;background_background&quot;:&quot;classic&quot;}\">\n\t\t\t<div class=\"elementor-widget-wrap elementor-element-populated\">\n\t\t\t\t\t\t<div class=\"elementor-element elementor-element-5767c82 elementor-widget elementor-widget-spacer\" data-id=\"5767c82\" data-element_type=\"widget\" data-e-type=\"widget\" data-widget_type=\"spacer.default\">\n\t\t\t\t<div class=\"elementor-widget-container\">\n\t\t\t\t\t\t\t<div class=\"elementor-spacer\">\n\t\t\t<div class=\"elementor-spacer-inner\"><\/div>\n\t\t<\/div>\n\t\t\t\t\t\t<\/div>\n\t\t\t\t<\/div>\n\t\t\t\t\t<\/div>\n\t\t<\/div>\n\t\t\t\t<div class=\"elementor-column elementor-col-33 elementor-top-column elementor-element elementor-element-d690c0a\" data-id=\"d690c0a\" data-element_type=\"column\" data-e-type=\"column\">\n\t\t\t<div class=\"elementor-widget-wrap elementor-element-populated\">\n\t\t\t\t\t\t<div class=\"elementor-element elementor-element-a1936e4 elementor-widget elementor-widget-heading\" data-id=\"a1936e4\" data-element_type=\"widget\" data-e-type=\"widget\" data-widget_type=\"heading.default\">\n\t\t\t\t<div class=\"elementor-widget-container\">\n\t\t\t\t\t<h5 class=\"elementor-heading-title elementor-size-default\">SERVICIOS DE ARREGLOS DE ALTA CALIDAD PARA PARTICULARES<\/h5>\t\t\t\t<\/div>\n\t\t\t\t<\/div>\n\t\t\t\t<div class=\"elementor-element elementor-element-e566952 elementor-widget elementor-widget-heading\" data-id=\"e566952\" data-element_type=\"widget\" data-e-type=\"widget\" data-widget_type=\"heading.default\">\n\t\t\t\t<div class=\"elementor-widget-container\">\n\t\t\t\t\t<h2 class=\"elementor-heading-title elementor-size-default\"><a href=\"https:\/\/sisifo.coop\/en\/lacosturera\/\">La Costurera<\/a><\/h2>\t\t\t\t<\/div>\n\t\t\t\t<\/div>\n\t\t\t\t<div class=\"elementor-element elementor-element-43baa40 elementor-widget-divider--view-line elementor-widget elementor-widget-divider\" data-id=\"43baa40\" data-element_type=\"widget\" data-e-type=\"widget\" data-widget_type=\"divider.default\">\n\t\t\t\t<div class=\"elementor-widget-container\">\n\t\t\t\t\t\t\t<div class=\"elementor-divider\">\n\t\t\t<span class=\"elementor-divider-separator\">\n\t\t\t\t\t\t<\/span>\n\t\t<\/div>\n\t\t\t\t\t\t<\/div>\n\t\t\t\t<\/div>\n\t\t\t\t<div class=\"elementor-element elementor-element-fe055eb elementor-widget elementor-widget-text-editor\" data-id=\"fe055eb\" data-element_type=\"widget\" data-e-type=\"widget\" data-widget_type=\"text-editor.default\">\n\t\t\t\t<div class=\"elementor-widget-container\">\n\t\t\t\t\t\t\t\t\t<p>Estamos especializados en prendas de alta calidad: piezas de sastrer\u00eda y vestuario de fiesta y eventos. Adem\u00e1s de nuestras especialidades, tambi\u00e9n realizamos arreglos sencillos, como ajustes de bajos, reparaci\u00f3n de cremalleras, y ajuste de cinturillas. Entendemos que cada prenda es diferente, y por ello, nuestras tarifas var\u00edan en funci\u00f3n de la calidad y complejidad del trabajo requerido.<\/p><p>\u00a1Ajusta y dale una segunda vida a tus prendas de calidad!<\/p><p>Conf\u00eda en nosotros para mantener tu guardarropa en perfecto estado y para realzar su belleza. En Sisifo: La Costurera, convertimos cada prenda en una joya de la costura.<\/p>\t\t\t\t\t\t\t\t<\/div>\n\t\t\t\t<\/div>\n\t\t\t\t\t<\/div>\n\t\t<\/div>\n\t\t\t\t<div class=\"elementor-column elementor-col-33 elementor-top-column elementor-element elementor-element-70ec599\" data-id=\"70ec599\" data-element_type=\"column\" data-e-type=\"column\" data-settings=\"{&quot;background_background&quot;:&quot;classic&quot;}\">\n\t\t\t<div class=\"elementor-widget-wrap elementor-element-populated\">\n\t\t\t\t\t\t<div class=\"elementor-element elementor-element-d7225ab elementor-widget elementor-widget-spacer\" data-id=\"d7225ab\" data-element_type=\"widget\" data-e-type=\"widget\" data-widget_type=\"spacer.default\">\n\t\t\t\t<div class=\"elementor-widget-container\">\n\t\t\t\t\t\t\t<div class=\"elementor-spacer\">\n\t\t\t<div class=\"elementor-spacer-inner\"><\/div>\n\t\t<\/div>\n\t\t\t\t\t\t<\/div>\n\t\t\t\t<\/div>\n\t\t\t\t\t<\/div>\n\t\t<\/div>\n\t\t\t\t\t<\/div>\n\t\t<\/section>\n\t\t\t\t<section class=\"elementor-section elementor-top-section elementor-element elementor-element-17ceeb6 elementor-section-content-middle elementor-section-full_width elementor-section-height-min-height elementor-section-items-stretch elementor-section-stretched elementor-section-height-default\" data-id=\"17ceeb6\" data-element_type=\"section\" data-e-type=\"section\" data-settings=\"{&quot;stretch_section&quot;:&quot;section-stretched&quot;}\">\n\t\t\t\t\t\t<div class=\"elementor-container elementor-column-gap-no\">\n\t\t\t\t\t<div class=\"elementor-column elementor-col-33 elementor-top-column elementor-element elementor-element-8206cd6\" data-id=\"8206cd6\" data-element_type=\"column\" data-e-type=\"column\" data-settings=\"{&quot;background_background&quot;:&quot;classic&quot;}\">\n\t\t\t<div class=\"elementor-widget-wrap elementor-element-populated\">\n\t\t\t\t\t\t<div class=\"elementor-element elementor-element-b8905d3 elementor-widget elementor-widget-spacer\" data-id=\"b8905d3\" data-element_type=\"widget\" data-e-type=\"widget\" data-widget_type=\"spacer.default\">\n\t\t\t\t<div class=\"elementor-widget-container\">\n\t\t\t\t\t\t\t<div class=\"elementor-spacer\">\n\t\t\t<div class=\"elementor-spacer-inner\"><\/div>\n\t\t<\/div>\n\t\t\t\t\t\t<\/div>\n\t\t\t\t<\/div>\n\t\t\t\t\t<\/div>\n\t\t<\/div>\n\t\t\t\t<div class=\"elementor-column elementor-col-33 elementor-top-column elementor-element elementor-element-80a6e2a\" data-id=\"80a6e2a\" data-element_type=\"column\" data-e-type=\"column\">\n\t\t\t<div class=\"elementor-widget-wrap elementor-element-populated\">\n\t\t\t\t\t\t<div class=\"elementor-element elementor-element-b815e1c elementor-widget elementor-widget-heading\" data-id=\"b815e1c\" data-element_type=\"widget\" data-e-type=\"widget\" data-widget_type=\"heading.default\">\n\t\t\t\t<div class=\"elementor-widget-container\">\n\t\t\t\t\t<h5 class=\"elementor-heading-title elementor-size-default\">NUESTRA MARCA PARA CADENAS DE TIENDAS, MARCAS  Y SASTRER\u00cdAS INDEPENDIENTES<\/h5>\t\t\t\t<\/div>\n\t\t\t\t<\/div>\n\t\t\t\t<div class=\"elementor-element elementor-element-9d184b4 elementor-widget elementor-widget-heading\" data-id=\"9d184b4\" data-element_type=\"widget\" data-e-type=\"widget\" data-widget_type=\"heading.default\">\n\t\t\t\t<div class=\"elementor-widget-container\">\n\t\t\t\t\t<h2 class=\"elementor-heading-title elementor-size-default\"><a href=\"https:\/\/sisifo.coop\/en\/sicompostura\/\">S\u00ed Composturas<\/a><\/h2>\t\t\t\t<\/div>\n\t\t\t\t<\/div>\n\t\t\t\t<div class=\"elementor-element elementor-element-9200e56 elementor-widget-divider--view-line elementor-widget elementor-widget-divider\" data-id=\"9200e56\" data-element_type=\"widget\" data-e-type=\"widget\" data-widget_type=\"divider.default\">\n\t\t\t\t<div class=\"elementor-widget-container\">\n\t\t\t\t\t\t\t<div class=\"elementor-divider\">\n\t\t\t<span class=\"elementor-divider-separator\">\n\t\t\t\t\t\t<\/span>\n\t\t<\/div>\n\t\t\t\t\t\t<\/div>\n\t\t\t\t<\/div>\n\t\t\t\t<div class=\"elementor-element elementor-element-a4c2df5 elementor-widget elementor-widget-text-editor\" data-id=\"a4c2df5\" data-element_type=\"widget\" data-e-type=\"widget\" data-widget_type=\"text-editor.default\">\n\t\t\t\t<div class=\"elementor-widget-container\">\n\t\t\t\t\t\t\t\t\t<p>Colaboramos codo a codo con nuestros clientes: formamos a su personal para \u00abcoger los arreglos correctamento\u00bb y \u00absaber qu\u00e9 puede ser mejorado y qu\u00e9 no\u00bb. Adem\u00e1s, actuamos como un departamento m\u00e1s de la empresa: establecemos recogidas y entregas en tiendas -regulares y extraordinarias- y atendemos sus consultas telef\u00f3nicas en nuestro horario de actividad.<\/p><p>Nos reunimos peri\u00f3dicamente con los responsables de calidad y\/o puntos de venta de nuestros clientes con la finalidad de mejorar y ajustar nuestro servicio.<\/p><p>Por lo tanto determinamos acuerdos y contratos de servicios a largo plazo con nuestros clientes. Sabemos que cu\u00e1nto m\u00e1s nos conozcamos m\u00e1s y mejor podemos ayudar a las ventas de la marca.<\/p>\t\t\t\t\t\t\t\t<\/div>\n\t\t\t\t<\/div>\n\t\t\t\t\t<\/div>\n\t\t<\/div>\n\t\t\t\t<div class=\"elementor-column elementor-col-33 elementor-top-column elementor-element elementor-element-0b34080\" data-id=\"0b34080\" data-element_type=\"column\" data-e-type=\"column\" data-settings=\"{&quot;background_background&quot;:&quot;classic&quot;}\">\n\t\t\t<div class=\"elementor-widget-wrap elementor-element-populated\">\n\t\t\t\t\t\t<div class=\"elementor-element elementor-element-df7da58 elementor-widget elementor-widget-spacer\" data-id=\"df7da58\" data-element_type=\"widget\" data-e-type=\"widget\" data-widget_type=\"spacer.default\">\n\t\t\t\t<div class=\"elementor-widget-container\">\n\t\t\t\t\t\t\t<div class=\"elementor-spacer\">\n\t\t\t<div class=\"elementor-spacer-inner\"><\/div>\n\t\t<\/div>\n\t\t\t\t\t\t<\/div>\n\t\t\t\t<\/div>\n\t\t\t\t\t<\/div>\n\t\t<\/div>\n\t\t\t\t\t<\/div>\n\t\t<\/section>\n\t\t\t\t<section class=\"elementor-section elementor-top-section elementor-element elementor-element-f3a649a elementor-section-boxed elementor-section-height-default elementor-section-height-default\" data-id=\"f3a649a\" data-element_type=\"section\" data-e-type=\"section\">\n\t\t\t\t\t\t<div class=\"elementor-container elementor-column-gap-default\">\n\t\t\t\t\t<div class=\"elementor-column elementor-col-33 elementor-top-column elementor-element elementor-element-e4c6fdd\" data-id=\"e4c6fdd\" data-element_type=\"column\" data-e-type=\"column\" data-settings=\"{&quot;background_background&quot;:&quot;classic&quot;}\">\n\t\t\t<div class=\"elementor-widget-wrap elementor-element-populated\">\n\t\t\t\t\t\t<div class=\"elementor-element elementor-element-c64e05a elementor-widget elementor-widget-heading\" data-id=\"c64e05a\" data-element_type=\"widget\" data-e-type=\"widget\" data-widget_type=\"heading.default\">\n\t\t\t\t<div class=\"elementor-widget-container\">\n\t\t\t\t\t<h2 class=\"elementor-heading-title elementor-size-default\">\u00bfNos Reunimos?<\/h2>\t\t\t\t<\/div>\n\t\t\t\t<\/div>\n\t\t\t\t<div class=\"elementor-element elementor-element-b2edae6 elementor-widget elementor-widget-text-editor\" data-id=\"b2edae6\" data-element_type=\"widget\" data-e-type=\"widget\" data-widget_type=\"text-editor.default\">\n\t\t\t\t<div class=\"elementor-widget-container\">\n\t\t\t\t\t\t\t\t\t<p>Te invitamos a visitarnos en nuestro taller y tienda, ambos ubicados en el encantador barrio de Vallecas. Estamos convenientemente situados en la Calle de Jes\u00fas del Pino, n\u00famero 15. Ser\u00e1 un placer recibirte en nuestras instalaciones y atenderte personalmente.<\/p>\t\t\t\t\t\t\t\t<\/div>\n\t\t\t\t<\/div>\n\t\t\t\t\t<\/div>\n\t\t<\/div>\n\t\t\t\t<div class=\"elementor-column elementor-col-33 elementor-top-column elementor-element elementor-element-4bf5ae6\" data-id=\"4bf5ae6\" data-element_type=\"column\" data-e-type=\"column\">\n\t\t\t<div class=\"elementor-widget-wrap elementor-element-populated\">\n\t\t\t\t\t\t<div class=\"elementor-element elementor-element-828df0f elementor-widget elementor-widget-heading\" data-id=\"828df0f\" data-element_type=\"widget\" data-e-type=\"widget\" data-widget_type=\"heading.default\">\n\t\t\t\t<div class=\"elementor-widget-container\">\n\t\t\t\t\t<h2 class=\"elementor-heading-title elementor-size-default\">\u00bfHablamos?<\/h2>\t\t\t\t<\/div>\n\t\t\t\t<\/div>\n\t\t\t\t<div class=\"elementor-element elementor-element-0fdc558 elementor-widget elementor-widget-text-editor\" data-id=\"0fdc558\" data-element_type=\"widget\" data-e-type=\"widget\" data-widget_type=\"text-editor.default\">\n\t\t\t\t<div class=\"elementor-widget-container\">\n\t\t\t\t\t\t\t\t\t<p>No dudes en ponerte en contacto con nosotros. Estaremos encantados de ayudarte en todo lo que necesites. Puedes consultarnos llamando al tel\u00e9fono 910 342 527.<\/p>\t\t\t\t\t\t\t\t<\/div>\n\t\t\t\t<\/div>\n\t\t\t\t\t<\/div>\n\t\t<\/div>\n\t\t\t\t<div class=\"elementor-column elementor-col-33 elementor-top-column elementor-element elementor-element-e0607ed\" data-id=\"e0607ed\" data-element_type=\"column\" data-e-type=\"column\" data-settings=\"{&quot;background_background&quot;:&quot;classic&quot;}\">\n\t\t\t<div class=\"elementor-widget-wrap elementor-element-populated\">\n\t\t\t\t\t\t<div class=\"elementor-element elementor-element-3b754da elementor-widget elementor-widget-heading\" data-id=\"3b754da\" data-element_type=\"widget\" data-e-type=\"widget\" data-widget_type=\"heading.default\">\n\t\t\t\t<div class=\"elementor-widget-container\">\n\t\t\t\t\t<h2 class=\"elementor-heading-title elementor-size-default\">Cont\u00e1ctanos<\/h2>\t\t\t\t<\/div>\n\t\t\t\t<\/div>\n\t\t\t\t<div class=\"elementor-element elementor-element-83ef06b elementor-widget elementor-widget-text-editor\" data-id=\"83ef06b\" data-element_type=\"widget\" data-e-type=\"widget\" data-widget_type=\"text-editor.default\">\n\t\t\t\t<div class=\"elementor-widget-container\">\n\t\t\t\t\t\t\t\t\t<p>Si tienes alguna consulta, no dudes en escribirnos a <a href=\"mailto:hola@sisifo.coop\" target=\"_new\">hola@sisifo.coop<\/a>. Estamos aqu\u00ed para ayudarte.<\/p>\t\t\t\t\t\t\t\t<\/div>\n\t\t\t\t<\/div>\n\t\t\t\t\t<\/div>\n\t\t<\/div>\n\t\t\t\t\t<\/div>\n\t\t<\/section>\n\t\t\t\t<section class=\"elementor-section elementor-top-section elementor-element elementor-element-0d6693a elementor-section-height-min-height elementor-section-stretched elementor-section-boxed elementor-section-height-default elementor-section-items-middle\" data-id=\"0d6693a\" data-element_type=\"section\" data-e-type=\"section\" data-settings=\"{&quot;stretch_section&quot;:&quot;section-stretched&quot;}\">\n\t\t\t\t\t\t<div class=\"elementor-container elementor-column-gap-narrow\">\n\t\t\t\t\t<div class=\"elementor-column elementor-col-33 elementor-top-column elementor-element elementor-element-ce41393\" data-id=\"ce41393\" data-element_type=\"column\" data-e-type=\"column\">\n\t\t\t<div class=\"elementor-widget-wrap elementor-element-populated\">\n\t\t\t\t\t\t<div class=\"elementor-element elementor-element-883e469 elementor-widget elementor-widget-image\" data-id=\"883e469\" data-element_type=\"widget\" data-e-type=\"widget\" data-widget_type=\"image.default\">\n\t\t\t\t<div class=\"elementor-widget-container\">\n\t\t\t\t\t\t\t\t\t\t\t\t\t\t\t<img fetchpriority=\"high\" decoding=\"async\" width=\"960\" height=\"1280\" src=\"https:\/\/sisifo.coop\/wp-content\/uploads\/2023\/09\/tALLER_y-1.jpg\" class=\"attachment-full size-full wp-image-2238\" alt=\"tALLER y 1\" srcset=\"https:\/\/sisifo.coop\/wp-content\/uploads\/2023\/09\/tALLER_y-1.jpg 960w, https:\/\/sisifo.coop\/wp-content\/uploads\/2023\/09\/tALLER_y-1-225x300.jpg 225w, https:\/\/sisifo.coop\/wp-content\/uploads\/2023\/09\/tALLER_y-1-768x1024.jpg 768w, https:\/\/sisifo.coop\/wp-content\/uploads\/2023\/09\/tALLER_y-1-9x12.jpg 9w\" sizes=\"(max-width: 960px) 100vw, 960px\" \/>\t\t\t\t\t\t\t\t\t\t\t\t\t\t\t<\/div>\n\t\t\t\t<\/div>\n\t\t\t\t\t<\/div>\n\t\t<\/div>\n\t\t\t\t<div class=\"elementor-column elementor-col-33 elementor-top-column elementor-element elementor-element-79a1607\" data-id=\"79a1607\" data-element_type=\"column\" data-e-type=\"column\">\n\t\t\t<div class=\"elementor-widget-wrap elementor-element-populated\">\n\t\t\t\t\t\t<div class=\"elementor-element elementor-element-57364d4 elementor-widget elementor-widget-image\" data-id=\"57364d4\" data-element_type=\"widget\" data-e-type=\"widget\" data-widget_type=\"image.default\">\n\t\t\t\t<div class=\"elementor-widget-container\">\n\t\t\t\t\t\t\t\t\t\t\t\t\t\t\t<img decoding=\"async\" width=\"1000\" height=\"600\" src=\"https:\/\/sisifo.coop\/wp-content\/uploads\/2023\/09\/Diseno-sin-titulo-61.png\" class=\"attachment-large size-large wp-image-2203\" alt=\"Diseno sin titulo 61\" srcset=\"https:\/\/sisifo.coop\/wp-content\/uploads\/2023\/09\/Diseno-sin-titulo-61.png 1000w, https:\/\/sisifo.coop\/wp-content\/uploads\/2023\/09\/Diseno-sin-titulo-61-300x180.png 300w, https:\/\/sisifo.coop\/wp-content\/uploads\/2023\/09\/Diseno-sin-titulo-61-768x461.png 768w, https:\/\/sisifo.coop\/wp-content\/uploads\/2023\/09\/Diseno-sin-titulo-61-18x12.png 18w\" sizes=\"(max-width: 1000px) 100vw, 1000px\" \/>\t\t\t\t\t\t\t\t\t\t\t\t\t\t\t<\/div>\n\t\t\t\t<\/div>\n\t\t\t\t\t<\/div>\n\t\t<\/div>\n\t\t\t\t<div class=\"elementor-column elementor-col-33 elementor-top-column elementor-element elementor-element-8379875\" data-id=\"8379875\" data-element_type=\"column\" data-e-type=\"column\">\n\t\t\t<div class=\"elementor-widget-wrap elementor-element-populated\">\n\t\t\t\t\t\t<div class=\"elementor-element elementor-element-b828bad elementor-widget elementor-widget-image\" data-id=\"b828bad\" data-element_type=\"widget\" data-e-type=\"widget\" data-widget_type=\"image.default\">\n\t\t\t\t<div class=\"elementor-widget-container\">\n\t\t\t\t\t\t\t\t\t\t\t\t\t\t\t<img decoding=\"async\" width=\"1000\" height=\"600\" src=\"https:\/\/sisifo.coop\/wp-content\/uploads\/2023\/09\/Diseno-sin-titulo-62.png\" class=\"attachment-large size-large wp-image-2204\" alt=\"Diseno sin titulo 62\" srcset=\"https:\/\/sisifo.coop\/wp-content\/uploads\/2023\/09\/Diseno-sin-titulo-62.png 1000w, https:\/\/sisifo.coop\/wp-content\/uploads\/2023\/09\/Diseno-sin-titulo-62-300x180.png 300w, https:\/\/sisifo.coop\/wp-content\/uploads\/2023\/09\/Diseno-sin-titulo-62-768x461.png 768w, https:\/\/sisifo.coop\/wp-content\/uploads\/2023\/09\/Diseno-sin-titulo-62-18x12.png 18w\" sizes=\"(max-width: 1000px) 100vw, 1000px\" \/>\t\t\t\t\t\t\t\t\t\t\t\t\t\t\t<\/div>\n\t\t\t\t<\/div>\n\t\t\t\t\t<\/div>\n\t\t<\/div>\n\t\t\t\t\t<\/div>\n\t\t<\/section>\n\t\t\t\t<\/div>","protected":false},"excerpt":{"rendered":"<p>Composturas y arreglos en vestuario masculino. La Costurera y S\u00ed Composturas Sisifo: Tu Destino para Composturas y Arreglos en Vestuario Masculino desde 2016 Desde 2016, en Sisifo nos hemos dedicado con pasi\u00f3n y destreza a ofrecer servicios de composturas y arreglos de alta calidad en vestuario masculino de gama media y media-alta. Nos enorgullecemos de &#8230; <a title=\"actividades\" class=\"read-more\" href=\"https:\/\/sisifo.coop\/en\/actividades\/\" aria-label=\"Read more about actividades\">Read more<\/a><\/p>","protected":false},"author":4,"featured_media":0,"parent":0,"menu_order":0,"comment_status":"closed","ping_status":"closed","template":"","meta":{"footnotes":""},"class_list":["post-1103","page","type-page","status-publish"],"_links":{"self":[{"href":"https:\/\/sisifo.coop\/en\/wp-json\/wp\/v2\/pages\/1103","targetHints":{"allow":["GET"]}}],"collection":[{"href":"https:\/\/sisifo.coop\/en\/wp-json\/wp\/v2\/pages"}],"about":[{"href":"https:\/\/sisifo.coop\/en\/wp-json\/wp\/v2\/types\/page"}],"author":[{"embeddable":true,"href":"https:\/\/sisifo.coop\/en\/wp-json\/wp\/v2\/users\/4"}],"replies":[{"embeddable":true,"href":"https:\/\/sisifo.coop\/en\/wp-json\/wp\/v2\/comments?post=1103"}],"version-history":[{"count":149,"href":"https:\/\/sisifo.coop\/en\/wp-json\/wp\/v2\/pages\/1103\/revisions"}],"predecessor-version":[{"id":2693,"href":"https:\/\/sisifo.coop\/en\/wp-json\/wp\/v2\/pages\/1103\/revisions\/2693"}],"wp:attachment":[{"href":"https:\/\/sisifo.coop\/en\/wp-json\/wp\/v2\/media?parent=1103"}],"curies":[{"name":"wp","href":"https:\/\/api.w.org\/{rel}","templated":true}]}}